{"id":676,"date":"2023-09-26T15:18:35","date_gmt":"2023-09-26T13:18:35","guid":{"rendered":"https:\/\/www.takabio.com\/politica-de-confidencialidad\/"},"modified":"2023-10-30T16:36:04","modified_gmt":"2023-10-30T15:36:04","slug":"politica-de-confidencialidad","status":"publish","type":"page","link":"https:\/\/www.takabio.com\/es\/politica-de-confidencialidad\/","title":{"rendered":"Pol\u00edticas de privacidad"},"content":{"rendered":"<h2>Uso de los datos personales recopilados<\/h2>\n<p><span lang=\"FR\">La finalidad de los datos recogidos es permitir el intercambio de informaci\u00f3n con los visitantes del sitio. Los datos transmitidos a trav\u00e9s de nuestro formulario est\u00e1n destinados exclusivamente a TAKABIO. No se vender\u00e1 ni transmitir\u00e1 a terceros. De conformidad con la ley relativa a la inform\u00e1tica y las libertades, el tratamiento de los datos personales comunicados a trav\u00e9s del sitio web ha sido declarado a la CNIL (Commission Nationale de l&#8217;Informatique et des Libert\u00e9s).<\/span><\/p>\n<h2>Derechos de acceso<\/h2>\n<p><span lang=\"FR\">De conformidad con la Ley francesa de Protecci\u00f3n de Datos de 6 de enero de 1978, usted tiene derecho a acceder y rectificar la informaci\u00f3n que le concierne. Si desea ejercer este derecho y obtener informaci\u00f3n sobre usted, p\u00f3ngase en contacto con :<\/span><\/p>\n<p>TAKABIO 4 rue Joseph Fourier<br \/>\n49070 Beaucouz\u00e9 France<\/p>\n<p>Email : <a href=\"mailto:contact@takabio.com\">contact[@]takabio.com<\/a><\/p>\n<h2>Cookies<\/h2>\n<p><span lang=\"FR\">Con fines de an\u00e1lisis estad\u00edstico, una cookie registra informaci\u00f3n sobre la navegaci\u00f3n de su ordenador en nuestro sitio. Esta informaci\u00f3n se almacena en su ordenador durante 3 a\u00f1os. Puede evitar el almacenamiento de cookies configurando su navegador a trav\u00e9s de los men\u00fas \u00abHerramientas\u00bb y \u00abOpciones\u00bb..<\/span><\/p>\n<h2>Copyright<\/h2>\n<p>Queda prohibida toda reproducci\u00f3n, representaci\u00f3n, modificaci\u00f3n, publicaci\u00f3n, transmisi\u00f3n o alteraci\u00f3n, total o parcial, del sitio o de su contenido, por cualquier procedimiento y en cualquier soporte. Cualquier uso no autorizado del sitio o de su contenido, o de la informaci\u00f3n divulgada en el mismo, har\u00e1 incurrir al usuario en responsabilidad y constituir\u00e1 una infracci\u00f3n sancionada por los art\u00edculos L 335-2 y siguientes del C\u00f3digo franc\u00e9s de la Propiedad Intelectual. Lo mismo ocurre con las bases de datos que aparecen en el sitio web Takabio.fr, que est\u00e1n protegidas por las disposiciones de la ley de 1 de julio de 1998 que incorpora al C\u00f3digo de la Propiedad Intelectual la Directiva europea de 11 de marzo de 1996 sobre la protecci\u00f3n jur\u00eddica de las bases de datos. Como tal, cualquier reproducci\u00f3n o extracci\u00f3n incurrir\u00e1 en la responsabilidad del usuario.<\/p>\n<p>Takabio se reserva todos los derechos de reproducci\u00f3n, incluidos los documentos descargables. Los derechos de uso de los gr\u00e1ficos y fotograf\u00edas presentados en este sitio han sido adquiridos por Takabio. Cualquier reutilizaci\u00f3n de estas representaciones gr\u00e1ficas y fotogr\u00e1ficas est\u00e1 estrictamente prohibida. Queda formalmente prohibida la reproducci\u00f3n total o parcial del contenido textual de este sitio, en cualquier soporte, sin la autorizaci\u00f3n expresa del responsable de la publicaci\u00f3n.<\/p>\n<h2>Responsabilidad<\/h2>\n<p>La persona responsable de la publicaci\u00f3n del sitio <a href=\"http:\/\/www.takabio.com\">www.takabio.com<\/a> est : M. St\u00e9phane Toumelin<\/p>\n<p>La informaci\u00f3n proporcionada en el sitio <a href=\"http:\/\/www.takabio.com\">www.takabio.com<\/a> son meramente informativos y no vinculantes. Takabio no puede garantizar la exactitud, integridad o actualidad de la informaci\u00f3n publicada en el sitio. La informaci\u00f3n de este sitio puede contener inexactitudes t\u00e9cnicas o errores tipogr\u00e1ficos. Esta informaci\u00f3n puede ser modificada peri\u00f3dicamente y las modificaciones ser\u00e1n incorporadas en las nuevas ediciones. Takabio puede, en cualquier momento y sin previo aviso, introducir mejoras o cambios en los productos, programas o servicios descritos en este sitio.<\/p>\n<p>El editor y los autores del sitio <a href=\"http:\/\/www.takabio.com\">www.takabio.com<\/a> no se hace responsable de los errores u omisiones en la informaci\u00f3n publicada ni de los problemas t\u00e9cnicos que puedan surgir en el sitio y en otros sitios con los que establezcamos enlaces, ni de la interpretaci\u00f3n de la informaci\u00f3n publicada en estos sitios, as\u00ed como de las consecuencias de su uso.<\/p>\n<p>Al utilizar los productos que figuran en este sitio, es responsabilidad del usuario cumplir la normativa vigente.<\/p>\n<h2>Enlaces de hipertexto<\/h2>\n<p>se autoriza a cualquier sitio web p\u00fablico o privado a establecer, previa autorizaci\u00f3n, un enlace con el sitio <a href=\"http:\/\/www.takabio.com\">www.takabio.com<\/a> siempre que las p\u00e1ginas <a href=\"http:\/\/www.takabio.com\">www.takabio.com<\/a> no est\u00e9n anidadas dentro de las p\u00e1ginas de otro sitio.<\/p>\n","protected":false},"excerpt":{"rendered":"<p>Uso de los datos personales recopilados La finalidad de los datos recogidos es permitir el intercambio de informaci\u00f3n con los visitantes del sitio. Los datos transmitidos<span class=\"excerpt-hellip\"> [\u2026]<\/span><\/p>\n","protected":false},"author":1,"featured_media":0,"parent":0,"menu_order":0,"comment_status":"closed","ping_status":"closed","template":"","meta":{"footnotes":""},"class_list":["post-676","page","type-page","status-publish","hentry"],"yoast_head":"<!-- This site is optimized with the Yoast SEO plugin v27.5 - https:\/\/yoast.com\/product\/yoast-seo-wordpress\/ -->\n<title>Pol\u00edticas de privacidad - Takabio<\/title>\n<meta name=\"robots\" content=\"index, follow, max-snippet:-1, max-image-preview:large, max-video-preview:-1\" \/>\n<link rel=\"canonical\" href=\"https:\/\/www.takabio.com\/es\/politica-de-confidencialidad\/\" \/>\n<meta property=\"og:locale\" content=\"es_ES\" \/>\n<meta property=\"og:type\" content=\"article\" \/>\n<meta property=\"og:title\" content=\"Pol\u00edticas de privacidad - Takabio\" \/>\n<meta property=\"og:description\" content=\"Uso de los datos personales recopilados La finalidad de los datos recogidos es permitir el intercambio de informaci\u00f3n con los visitantes del sitio. Los datos transmitidos [\u2026]\" \/>\n<meta property=\"og:url\" content=\"https:\/\/www.takabio.com\/es\/politica-de-confidencialidad\/\" \/>\n<meta property=\"og:site_name\" content=\"Takabio\" \/>\n<meta property=\"article:modified_time\" content=\"2023-10-30T15:36:04+00:00\" \/>\n<meta name=\"twitter:card\" content=\"summary_large_image\" \/>\n<meta name=\"twitter:label1\" content=\"Tiempo de lectura\" \/>\n\t<meta name=\"twitter:data1\" content=\"4 minutos\" \/>\n<script type=\"application\/ld+json\" class=\"yoast-schema-graph\">{\"@context\":\"https:\\\/\\\/schema.org\",\"@graph\":[{\"@type\":\"WebPage\",\"@id\":\"https:\\\/\\\/www.takabio.com\\\/es\\\/politica-de-confidencialidad\\\/\",\"url\":\"https:\\\/\\\/www.takabio.com\\\/es\\\/politica-de-confidencialidad\\\/\",\"name\":\"Pol\u00edticas de privacidad - Takabio\",\"isPartOf\":{\"@id\":\"https:\\\/\\\/www.takabio.com\\\/#website\"},\"datePublished\":\"2023-09-26T13:18:35+00:00\",\"dateModified\":\"2023-10-30T15:36:04+00:00\",\"breadcrumb\":{\"@id\":\"https:\\\/\\\/www.takabio.com\\\/es\\\/politica-de-confidencialidad\\\/#breadcrumb\"},\"inLanguage\":\"es\",\"potentialAction\":[{\"@type\":\"ReadAction\",\"target\":[\"https:\\\/\\\/www.takabio.com\\\/es\\\/politica-de-confidencialidad\\\/\"]}]},{\"@type\":\"BreadcrumbList\",\"@id\":\"https:\\\/\\\/www.takabio.com\\\/es\\\/politica-de-confidencialidad\\\/#breadcrumb\",\"itemListElement\":[{\"@type\":\"ListItem\",\"position\":1,\"name\":\"Accueil\",\"item\":\"https:\\\/\\\/www.takabio.com\\\/es\\\/\"},{\"@type\":\"ListItem\",\"position\":2,\"name\":\"Pol\u00edticas de privacidad\"}]},{\"@type\":\"WebSite\",\"@id\":\"https:\\\/\\\/www.takabio.com\\\/#website\",\"url\":\"https:\\\/\\\/www.takabio.com\\\/\",\"name\":\"Takabio\",\"description\":\"Bio Solutions for Life\",\"publisher\":{\"@id\":\"https:\\\/\\\/www.takabio.com\\\/#organization\"},\"potentialAction\":[{\"@type\":\"SearchAction\",\"target\":{\"@type\":\"EntryPoint\",\"urlTemplate\":\"https:\\\/\\\/www.takabio.com\\\/?s={search_term_string}\"},\"query-input\":{\"@type\":\"PropertyValueSpecification\",\"valueRequired\":true,\"valueName\":\"search_term_string\"}}],\"inLanguage\":\"es\"},{\"@type\":\"Organization\",\"@id\":\"https:\\\/\\\/www.takabio.com\\\/#organization\",\"name\":\"Takabio\",\"url\":\"https:\\\/\\\/www.takabio.com\\\/\",\"logo\":{\"@type\":\"ImageObject\",\"inLanguage\":\"es\",\"@id\":\"https:\\\/\\\/www.takabio.com\\\/#\\\/schema\\\/logo\\\/image\\\/\",\"url\":\"https:\\\/\\\/www.takabio.com\\\/wp-content\\\/uploads\\\/2023\\\/09\\\/logo-takabio-.jpg\",\"contentUrl\":\"https:\\\/\\\/www.takabio.com\\\/wp-content\\\/uploads\\\/2023\\\/09\\\/logo-takabio-.jpg\",\"width\":1559,\"height\":872,\"caption\":\"Takabio\"},\"image\":{\"@id\":\"https:\\\/\\\/www.takabio.com\\\/#\\\/schema\\\/logo\\\/image\\\/\"},\"sameAs\":[\"https:\\\/\\\/www.linkedin.com\\\/company\\\/takabio\"]}]}<\/script>\n<!-- \/ Yoast SEO plugin. -->","yoast_head_json":{"title":"Pol\u00edticas de privacidad - Takabio","robots":{"index":"index","follow":"follow","max-snippet":"max-snippet:-1","max-image-preview":"max-image-preview:large","max-video-preview":"max-video-preview:-1"},"canonical":"https:\/\/www.takabio.com\/es\/politica-de-confidencialidad\/","og_locale":"es_ES","og_type":"article","og_title":"Pol\u00edticas de privacidad - Takabio","og_description":"Uso de los datos personales recopilados La finalidad de los datos recogidos es permitir el intercambio de informaci\u00f3n con los visitantes del sitio. Los datos transmitidos [\u2026]","og_url":"https:\/\/www.takabio.com\/es\/politica-de-confidencialidad\/","og_site_name":"Takabio","article_modified_time":"2023-10-30T15:36:04+00:00","twitter_card":"summary_large_image","twitter_misc":{"Tiempo de lectura":"4 minutos"},"schema":{"@context":"https:\/\/schema.org","@graph":[{"@type":"WebPage","@id":"https:\/\/www.takabio.com\/es\/politica-de-confidencialidad\/","url":"https:\/\/www.takabio.com\/es\/politica-de-confidencialidad\/","name":"Pol\u00edticas de privacidad - Takabio","isPartOf":{"@id":"https:\/\/www.takabio.com\/#website"},"datePublished":"2023-09-26T13:18:35+00:00","dateModified":"2023-10-30T15:36:04+00:00","breadcrumb":{"@id":"https:\/\/www.takabio.com\/es\/politica-de-confidencialidad\/#breadcrumb"},"inLanguage":"es","potentialAction":[{"@type":"ReadAction","target":["https:\/\/www.takabio.com\/es\/politica-de-confidencialidad\/"]}]},{"@type":"BreadcrumbList","@id":"https:\/\/www.takabio.com\/es\/politica-de-confidencialidad\/#breadcrumb","itemListElement":[{"@type":"ListItem","position":1,"name":"Accueil","item":"https:\/\/www.takabio.com\/es\/"},{"@type":"ListItem","position":2,"name":"Pol\u00edticas de privacidad"}]},{"@type":"WebSite","@id":"https:\/\/www.takabio.com\/#website","url":"https:\/\/www.takabio.com\/","name":"Takabio","description":"Bio Solutions for Life","publisher":{"@id":"https:\/\/www.takabio.com\/#organization"},"potentialAction":[{"@type":"SearchAction","target":{"@type":"EntryPoint","urlTemplate":"https:\/\/www.takabio.com\/?s={search_term_string}"},"query-input":{"@type":"PropertyValueSpecification","valueRequired":true,"valueName":"search_term_string"}}],"inLanguage":"es"},{"@type":"Organization","@id":"https:\/\/www.takabio.com\/#organization","name":"Takabio","url":"https:\/\/www.takabio.com\/","logo":{"@type":"ImageObject","inLanguage":"es","@id":"https:\/\/www.takabio.com\/#\/schema\/logo\/image\/","url":"https:\/\/www.takabio.com\/wp-content\/uploads\/2023\/09\/logo-takabio-.jpg","contentUrl":"https:\/\/www.takabio.com\/wp-content\/uploads\/2023\/09\/logo-takabio-.jpg","width":1559,"height":872,"caption":"Takabio"},"image":{"@id":"https:\/\/www.takabio.com\/#\/schema\/logo\/image\/"},"sameAs":["https:\/\/www.linkedin.com\/company\/takabio"]}]}},"_links":{"self":[{"href":"https:\/\/www.takabio.com\/es\/wp-json\/wp\/v2\/pages\/676","targetHints":{"allow":["GET"]}}],"collection":[{"href":"https:\/\/www.takabio.com\/es\/wp-json\/wp\/v2\/pages"}],"about":[{"href":"https:\/\/www.takabio.com\/es\/wp-json\/wp\/v2\/types\/page"}],"author":[{"embeddable":true,"href":"https:\/\/www.takabio.com\/es\/wp-json\/wp\/v2\/users\/1"}],"replies":[{"embeddable":true,"href":"https:\/\/www.takabio.com\/es\/wp-json\/wp\/v2\/comments?post=676"}],"version-history":[{"count":5,"href":"https:\/\/www.takabio.com\/es\/wp-json\/wp\/v2\/pages\/676\/revisions"}],"predecessor-version":[{"id":716,"href":"https:\/\/www.takabio.com\/es\/wp-json\/wp\/v2\/pages\/676\/revisions\/716"}],"wp:attachment":[{"href":"https:\/\/www.takabio.com\/es\/wp-json\/wp\/v2\/media?parent=676"}],"curies":[{"name":"wp","href":"https:\/\/api.w.org\/{rel}","templated":true}]}}